{"id":69,"date":"2026-04-05T14:51:12","date_gmt":"2026-04-05T14:51:12","guid":{"rendered":"https:\/\/leschampssecrets.fr\/?page_id=69"},"modified":"2026-04-05T18:12:32","modified_gmt":"2026-04-05T18:12:32","slug":"reglement-interieur","status":"publish","type":"page","link":"https:\/\/leschampssecrets.fr\/index.php\/reglement-interieur\/","title":{"rendered":"R\u00e8glement int\u00e9rieur"},"content":{"rendered":"\n<h1 class=\"wp-block-heading has-large-font-size\">1. Capacit\u00e9 du logement<\/h1>\n\n\n\n<h1 class=\"wp-block-heading has-medium-font-size\">&nbsp;<\/h1>\n\n\n\n<h1 class=\"wp-block-heading has-medium-font-size\">Le logement est pr\u00e9vu pour une capacit\u00e9 maximale de 4 personnes.<br>Le contrat de location pr\u00e9cise le nombre de personnes autoris\u00e9es \u00e0 y s\u00e9journer.<\/h1>\n\n\n\n<h1 class=\"wp-block-heading has-medium-font-size\">Toute personne suppl\u00e9mentaire non mentionn\u00e9e au contrat est interdite, sauf accord pr\u00e9alable du propri\u00e9taire. \u00c0 d\u00e9faut, le propri\u00e9taire se r\u00e9serve le droit de mettre fin imm\u00e9diatement au s\u00e9jour, sans qu\u2019aucun remboursement ne puisse \u00eatre exig\u00e9 par les locataires.<\/h1>\n\n\n\n<h1 class=\"wp-block-heading has-large-font-size\">2. Animaux<\/h1>\n\n\n\n<p class=\"has-small-font-size\">Les animaux ne sont pas admis dans le logement.<\/p>\n\n\n\n<h1 class=\"wp-block-heading has-large-font-size\">3.Logement non fumeur<\/h1>\n\n\n\n<div class=\"wp-block-group has-global-padding is-layout-constrained wp-block-group-is-layout-constrained\">\n<p class=\"has-small-font-size\">Le logement est strictement non-fumeur.<\/p>\n\n\n\n<p class=\"has-small-font-size\">Il est interdit de fumer ou vapoter \u00e0 l&rsquo;int\u00e9rieur du logement.<\/p>\n<\/div>\n\n\n\n<h1 class=\"wp-block-heading has-large-font-size\">4.&nbsp; F\u00eates, soir\u00e9es et autres rassemblements<\/h1>\n\n\n\n<p class=\"has-small-font-size\">Le logement est destin\u00e9 \u00e0 un s\u00e9jour ax\u00e9 sur le calme et le bien-\u00eatre<strong>.<\/strong><\/p>\n\n\n\n<p class=\"has-small-font-size\">Les f\u00eates, soir\u00e9es et autres rassemblements sont strictement interdits.<\/p>\n\n\n\n<h1 class=\"wp-block-heading has-large-font-size\">5.&nbsp; Respect du voisinage<\/h1>\n\n\n\n<p class=\"has-small-font-size\">Le locataire s&rsquo;engage \u00e0 respecter la tranquillit\u00e9 du lieu et du voisinage.<\/p>\n\n\n\n<p class=\"has-small-font-size\">Les nuisances sonores, notamment nocturnes, sont strictement interdites.<\/p>\n\n\n\n<h1 class=\"wp-block-heading has-large-font-size\">6. Enfants<\/h1>\n\n\n\n<div class=\"wp-block-group has-global-padding is-layout-constrained wp-block-group-is-layout-constrained\">\n<p class=\"has-small-font-size\">Les enfants sont sous la responsabilit\u00e9 exclusive de leurs parents ou accompagnateurs.<\/p>\n\n\n\n<p class=\"has-small-font-size\">Le logement dispose d\u2019\u00e9quipements aquatiques n\u00e9cessitant une surveillance permanente.<br>Le propri\u00e9taire d\u00e9cline toute responsabilit\u00e9 en cas d&rsquo;accident li\u00e9 \u00e0 un d\u00e9faut de surveillance.<\/p>\n<\/div>\n\n\n\n<h1 class=\"wp-block-heading has-large-font-size\">7. Utilisation des \u00e9quipements bien-\u00eatre<\/h1>\n\n\n\n<div class=\"wp-block-group has-global-padding is-layout-constrained wp-block-group-is-layout-constrained\">\n<p class=\"has-small-font-size\">Les utilisateurs doivent :<\/p>\n\n\n\n<ul class=\"wp-block-list\">\n<li class=\"has-small-font-size\">Prendre une douche avant utilisation,<ul><li>Respecter les r\u00e8gles d&rsquo;hygi\u00e8ne \u00e9l\u00e9mentaires,<\/li><\/ul><ul><li>Respecter les consignes d&rsquo;utilisation affich\u00e9es,<\/li><\/ul><ul><li>Utiliser les \u00e9quipements de mani\u00e8re adapt\u00e9e et responsable,<\/li><\/ul><ul><li>Ne pas manipuler les r\u00e9glages techniques des diff\u00e9rentes installations,<\/li><\/ul><ul><li>Ne pas consommer d\u2019aliments et\/ou boissons dans les installations,<\/li><\/ul>\n<ul class=\"wp-block-list\">\n<li class=\"has-small-font-size\">Ne pas introduire d&rsquo;objets ou produits dans l&rsquo;eau.<\/li>\n<\/ul>\n<\/li>\n<\/ul>\n\n\n\n<p class=\"has-small-font-size\">L&rsquo;acc\u00e8s et l\u2019usage des installations peuvent \u00eatre d\u00e9conseill\u00e9s aux personnes ayant des probl\u00e8mes m\u00e9dicaux.<\/p>\n\n\n\n<p class=\"has-small-font-size\">Le loueur ne pouvant \u00eatre inform\u00e9s de ces \u00e9ventuels probl\u00e8mes, l\u2019utilisateur reste seul responsable de l\u2019usage qu\u2019il fait des \u00e9quipements du logement et s\u2019engage \u00e0 respecter les pr\u00e9conisations d\u2019utilisation affich\u00e9es.<\/p>\n<\/div>\n\n\n\n<h1 class=\"wp-block-heading has-large-font-size\">8. D\u00e9g\u00e2ts et d\u00e9gradations<\/h1>\n\n\n\n<p class=\"has-small-font-size\">Le locataire est responsable de toute d\u00e9gradation survenue sur les \u00e9quipements du fait d\u2019un usage inadapt\u00e9 ou du non-respect des r\u00e8gles d\u2019utilisation des \u00e9quipements lors de sa location.<\/p>\n\n\n\n<p class=\"has-small-font-size\">Les r\u00e9parations ou remplacements seront factur\u00e9s conform\u00e9ment au tableau des p\u00e9nalit\u00e9s.<\/p>\n\n\n\n<h1 class=\"wp-block-heading has-large-font-size\">9. Propret\u00e9 et d\u00e9part<\/h1>\n\n\n\n<p class=\"has-small-font-size\">Le logement devra \u00eatre rendu dans un \u00e9tat correct de propret\u00e9.<\/p>\n\n\n\n<p class=\"has-small-font-size\">L\u2019ensemble des \u00e9quipements devront \u00eatre \u00e0 leur place (mobilier, vaisselle, \u2026).<\/p>\n\n\n\n<p class=\"has-small-font-size\">Les d\u00e9chets devront avoir \u00e9t\u00e9, \u00e0 minima, \u00e9vacu\u00e9s dans la poubelle du logement.<\/p>\n\n\n\n<h1 class=\"wp-block-heading has-large-font-size\">10.&nbsp;&nbsp;&nbsp;&nbsp;&nbsp; Objets personnels<\/h1>\n\n\n\n<p class=\"has-small-font-size\">Le logement \u00e9tant sous la responsabilit\u00e9 du locataire pendant toute la dur\u00e9e de la location, le propri\u00e9taire ne pourra \u00eatre tenu pour responsable en cas de perte, vol ou d\u00e9t\u00e9rioration des objets personnels que j\u2019ai pu y d\u00e9poser.<\/p>\n\n\n\n<p class=\"has-x-large-font-size\"><strong>TABLEAU DES PENALITES<\/strong><\/p>\n\n\n\n<p class=\"has-medium-font-size\">Ce tableau regroupe l\u2019ensemble des forfaits pouvant \u00eatre factur\u00e9s sur le d\u00e9p\u00f4t de garantie ainsi que les facturations compl\u00e9mentaires applicables aux diff\u00e9rents non-respects des r\u00e8gles d\u2019utilisation du logement.<\/p>\n\n\n\n<h1 class=\"wp-block-heading has-large-font-size\">1. Occupation sup\u00e9rieure au nombre de personnes d\u00e9clar\u00e9e dans le contrat<\/h1>\n\n\n\n<h1 class=\"wp-block-heading has-medium-font-size\">Forfait de 150 euros par personne et par nuit.<\/h1>\n\n\n\n<h1 class=\"wp-block-heading has-medium-font-size\">Ce forfait est d\u00e9duit du d\u00e9p\u00f4t de garantie.<\/h1>\n\n\n\n<h1 class=\"wp-block-heading has-large-font-size\">2. Pr\u00e9sence d&rsquo;animaux<\/h1>\n\n\n\n<p class=\"has-medium-font-size\">Forfait de 300 euros par location.<\/p>\n\n\n\n<h1 class=\"wp-block-heading has-medium-font-size\">Ce forfait est d\u00e9duit du d\u00e9p\u00f4t de garantie.<\/h1>\n\n\n\n<h1 class=\"wp-block-heading has-medium-font-size\">En compl\u00e9ment, la pr\u00e9sence d\u2019animaux peut entra\u00eener les co\u00fbts suivants<\/h1>\n\n\n\n<ul class=\"wp-block-list\">\n<li><em>N\u00e9cessit\u00e9 d\u2019une d\u00e9sinfection&nbsp;du logement :<\/em><\/li>\n<\/ul>\n\n\n\n<p class=\"has-medium-font-size\">Facturation compl\u00e9mentaire du montant de l\u2019intervention d\u2019une entreprise sp\u00e9cialis\u00e9e.<\/p>\n\n\n\n<ul class=\"wp-block-list\">\n<li>N\u00e9cessit\u00e9 d\u2019une d\u00e9sinfection du logement n\u00e9cessitant l\u2019annulation de location(s) d\u00e9j\u00e0 programm\u00e9e(s)&nbsp;:<\/li>\n<\/ul>\n\n\n\n<p class=\"has-medium-font-size\">Facturation compl\u00e9mentaire du montant de l\u2019intervention d\u2019une entreprise sp\u00e9cialis\u00e9e.<\/p>\n\n\n\n<p>Facturation \u00e9gale au montant de la ou des locations devant \u00eatre annul\u00e9es.<\/p>\n\n\n\n<h1 class=\"wp-block-heading has-large-font-size\">3. Fumeurs\/Vapoteurs \u00e0 l&rsquo;int\u00e9rieur du logement<\/h1>\n\n\n\n<p class=\"has-medium-font-size\">Forfait de 250 euros par location.<\/p>\n\n\n\n<h1 class=\"wp-block-heading has-medium-font-size\">Ce forfait est d\u00e9duit du d\u00e9p\u00f4t de garantie.<\/h1>\n\n\n\n<h1 class=\"wp-block-heading has-large-font-size\">4. Logement rendu dans un \u00e9tat de propret\u00e9 \/Rangement non satisfaisant<\/h1>\n\n\n\n<p class=\"has-medium-font-size\">Forfait de 150 euros par location.<\/p>\n\n\n\n<h1 class=\"wp-block-heading has-medium-font-size\">Ce forfait est d\u00e9duit du d\u00e9p\u00f4t de garantie.<\/h1>\n\n\n\n<h1 class=\"wp-block-heading has-large-font-size\">5. Non respect de la tranquillit\u00e9 du voisinage<\/h1>\n\n\n\n<p class=\"has-medium-font-size\">Forfait de 150 euros par plainte re\u00e7ue du voisinage.<\/p>\n\n\n\n<p class=\"has-medium-font-size\">Forfait de 500 euros par intervention des services de Gendarmerie pour tapage.<\/p>\n\n\n\n<h1 class=\"wp-block-heading has-medium-font-size\">Ces forfaits sont d\u00e9duits du d\u00e9p\u00f4t de garantie.<\/h1>\n\n\n\n<h1 class=\"wp-block-heading has-large-font-size\">6. Contamination de l&rsquo;eau des spas<\/h1>\n\n\n\n<p class=\"has-medium-font-size\">Forfait de 300 euros par location pour la vidange \/ traitement particulier de l\u2019eau du spa de type jacuzzi.<\/p>\n\n\n\n<p class=\"has-medium-font-size\">Forfait de 500 euros par location pour la vidange \/ traitement particulier de l\u2019eau du spa de nage.<\/p>\n\n\n\n<h1 class=\"wp-block-heading has-medium-font-size\">Ces forfaits sont d\u00e9duits du d\u00e9p\u00f4t de garantie.<\/h1>\n\n\n\n<p><\/p>\n","protected":false},"excerpt":{"rendered":"<p>1. Capacit\u00e9 du logement &nbsp; Le logement est pr\u00e9vu pour une capacit\u00e9 maximale de 4 personnes.Le contrat de location pr\u00e9cise le nombre de personnes autoris\u00e9es \u00e0 y s\u00e9journer. Toute personne suppl\u00e9mentaire non mentionn\u00e9e au contrat est interdite, sauf accord pr\u00e9alable du propri\u00e9taire. \u00c0 d\u00e9faut, le propri\u00e9taire se r\u00e9serve le droit de mettre fin imm\u00e9diatement au [&hellip;]<\/p>\n","protected":false},"author":1,"featured_media":0,"parent":0,"menu_order":0,"comment_status":"closed","ping_status":"closed","template":"","meta":{"footnotes":""},"class_list":["post-69","page","type-page","status-publish","hentry"],"_links":{"self":[{"href":"https:\/\/leschampssecrets.fr\/index.php\/wp-json\/wp\/v2\/pages\/69","targetHints":{"allow":["GET"]}}],"collection":[{"href":"https:\/\/leschampssecrets.fr\/index.php\/wp-json\/wp\/v2\/pages"}],"about":[{"href":"https:\/\/leschampssecrets.fr\/index.php\/wp-json\/wp\/v2\/types\/page"}],"author":[{"embeddable":true,"href":"https:\/\/leschampssecrets.fr\/index.php\/wp-json\/wp\/v2\/users\/1"}],"replies":[{"embeddable":true,"href":"https:\/\/leschampssecrets.fr\/index.php\/wp-json\/wp\/v2\/comments?post=69"}],"version-history":[{"count":5,"href":"https:\/\/leschampssecrets.fr\/index.php\/wp-json\/wp\/v2\/pages\/69\/revisions"}],"predecessor-version":[{"id":84,"href":"https:\/\/leschampssecrets.fr\/index.php\/wp-json\/wp\/v2\/pages\/69\/revisions\/84"}],"wp:attachment":[{"href":"https:\/\/leschampssecrets.fr\/index.php\/wp-json\/wp\/v2\/media?parent=69"}],"curies":[{"name":"wp","href":"https:\/\/api.w.org\/{rel}","templated":true}]}}